{"id":893,"date":"2025-09-15T19:59:50","date_gmt":"2025-09-15T19:59:50","guid":{"rendered":"https:\/\/worldsnapps.com\/contact\/"},"modified":"2026-02-27T00:31:24","modified_gmt":"2026-02-27T00:31:24","slug":"contato","status":"publish","type":"page","link":"https:\/\/worldsnapps.com\/en\/contato\/","title":{"rendered":"Contato"},"content":{"rendered":"<p>O WorldsnApps valoriza a comunica\u00e7\u00e3o clara e transparente com seus leitores.<\/p>\n\n\n\n<p>Se voc\u00ea identificou alguma informa\u00e7\u00e3o desatualizada, deseja enviar sugest\u00f5es, corre\u00e7\u00f5es ou entrar em contato sobre o conte\u00fado publicado no site, fale conosco pelo e-mail abaixo:<\/p>\n\n\n\n<p>\ud83d\udce7 <strong><a>worldsnapps@gmail.com<\/a><\/strong><\/p>\n\n\n\n<p>Respondemos geralmente em at\u00e9 <strong>24 horas \u00fateis<\/strong>.<\/p>\n\n\n\n<p>O WorldsnApps n\u00e3o solicita pagamentos, dados sens\u00edveis ou informa\u00e7\u00f5es pessoais por e-mail. Caso receba qualquer comunica\u00e7\u00e3o suspeita em nome do site, desconsidere e entre em contato imediatamente pelo endere\u00e7o acima.<\/p>\n\n\n\n<p>Agradecemos seu contato e seu interesse em acompanhar nossos conte\u00fados.<\/p>\n\n\n\n<p><\/p>","protected":false},"excerpt":{"rendered":"<p>O WorldsnApps valoriza a comunica\u00e7\u00e3o clara e transparente com seus leitores. Se voc\u00ea identificou alguma informa\u00e7\u00e3o desatualizada, deseja enviar sugest\u00f5es, corre\u00e7\u00f5es ou entrar em contato sobre o conte\u00fado publicado no site, fale conosco pelo e-mail abaixo: \ud83d\udce7 worldsnapps@gmail.com Respondemos geralmente em at\u00e9 24 horas \u00fateis. O WorldsnApps n\u00e3o solicita pagamentos, dados sens\u00edveis ou informa\u00e7\u00f5es pessoais &#8230; <a title=\"Contato\" class=\"read-more\" href=\"https:\/\/worldsnapps.com\/en\/contato\/\" aria-label=\"Read more about Contato\">Read more<\/a><\/p>","protected":false},"author":2,"featured_media":0,"parent":0,"menu_order":0,"comment_status":"closed","ping_status":"closed","template":"","meta":{"footnotes":""},"class_list":["post-893","page","type-page","status-publish"],"_hostinger_reach_plugin_has_subscription_block":false,"_hostinger_reach_plugin_is_elementor":false,"_links":{"self":[{"href":"https:\/\/worldsnapps.com\/en\/wp-json\/wp\/v2\/pages\/893","targetHints":{"allow":["GET"]}}],"collection":[{"href":"https:\/\/worldsnapps.com\/en\/wp-json\/wp\/v2\/pages"}],"about":[{"href":"https:\/\/worldsnapps.com\/en\/wp-json\/wp\/v2\/types\/page"}],"author":[{"embeddable":true,"href":"https:\/\/worldsnapps.com\/en\/wp-json\/wp\/v2\/users\/2"}],"replies":[{"embeddable":true,"href":"https:\/\/worldsnapps.com\/en\/wp-json\/wp\/v2\/comments?post=893"}],"version-history":[{"count":11,"href":"https:\/\/worldsnapps.com\/en\/wp-json\/wp\/v2\/pages\/893\/revisions"}],"predecessor-version":[{"id":3156,"href":"https:\/\/worldsnapps.com\/en\/wp-json\/wp\/v2\/pages\/893\/revisions\/3156"}],"wp:attachment":[{"href":"https:\/\/worldsnapps.com\/en\/wp-json\/wp\/v2\/media?parent=893"}],"curies":[{"name":"wp","href":"https:\/\/api.w.org\/{rel}","templated":true}]}}